{"id":24,"date":"2011-08-29T18:37:31","date_gmt":"2011-08-29T18:37:31","guid":{"rendered":"http:\/\/www.compusettings.com\/espanol\/?page_id=24"},"modified":"2023-10-10T07:43:03","modified_gmt":"2023-10-10T11:43:03","slug":"instalacion-de-camaras-de-seguridad","status":"publish","type":"page","link":"https:\/\/compusettings.com\/espanol\/instalacion-de-camaras-de-seguridad\/","title":{"rendered":"Instalacion de Camaras de Seguridad"},"content":{"rendered":"<p>[et_pb_section fb_built=&#8221;1&#8243; theme_builder_area=&#8221;post_content&#8221; _builder_version=&#8221;4.22.2&#8243; _module_preset=&#8221;default&#8221; custom_padding=&#8221;14px||25px|||&#8221;][et_pb_row _builder_version=&#8221;4.22.2&#8243; _module_preset=&#8221;default&#8221; theme_builder_area=&#8221;post_content&#8221;][et_pb_column _builder_version=&#8221;4.22.2&#8243; _module_preset=&#8221;default&#8221; type=&#8221;4_4&#8243; theme_builder_area=&#8221;post_content&#8221;][et_pb_text _builder_version=&#8221;4.22.2&#8243; _module_preset=&#8221;default&#8221; theme_builder_area=&#8221;post_content&#8221; hover_enabled=&#8221;0&#8243; sticky_enabled=&#8221;0&#8243;]<\/p>\n<h1 style=\"text-align: center;\"><strong><\/strong><\/h1>\n<h1 style=\"text-align: center;\"><strong>Servicio de Instalaci\u00f3n de c\u00e1maras de seguridad del Bronx\u00a0<\/strong><\/h1>\n<p><strong><\/strong><\/p>\n<p><strong><\/strong><\/p>\n<p><strong><\/strong><\/p>\n<p><strong><\/strong><\/p>\n<p><strong><\/strong><\/p>\n<p><strong><\/strong><\/p>\n<h2 style=\"text-align: center;\">ComputerSettings, Inc.<\/h2>\n<h2 style=\"text-align: center;\">2246 Grand Concourse Bronx, NY 10457<\/h2>\n<p>&nbsp;<\/p>\n<p>&nbsp;<\/p>\n<p>&nbsp;<\/p>\n<h2 style=\"text-align: center;\"><strong>718.584.2600<\/strong><\/h2>\n<h2 style=\"text-align: center;\"><strong><em>Instale c\u00e1maras en su negocio u hogar a bajo costo!<\/em><\/strong><\/h2>\n<p>[\/et_pb_text][\/et_pb_column][\/et_pb_row][\/et_pb_section][et_pb_section fb_built=&#8221;1&#8243; theme_builder_area=&#8221;post_content&#8221; _builder_version=&#8221;4.22.2&#8243; _module_preset=&#8221;default&#8221; custom_padding=&#8221;0px||10px|||&#8221; min_height=&#8221;866px&#8221;][et_pb_row _builder_version=&#8221;4.22.2&#8243; _module_preset=&#8221;default&#8221; theme_builder_area=&#8221;post_content&#8221; custom_padding=&#8221;||10px|||&#8221;][et_pb_column _builder_version=&#8221;4.22.2&#8243; _module_preset=&#8221;default&#8221; type=&#8221;4_4&#8243; theme_builder_area=&#8221;post_content&#8221;][et_pb_image src=&#8221;https:\/\/compusettings.com\/espanol\/wp-content\/uploads\/2023\/10\/IMG_0667-scaled.jpg&#8221; _builder_version=&#8221;4.22.2&#8243; _module_preset=&#8221;default&#8221; theme_builder_area=&#8221;post_content&#8221; title_text=&#8221;IMG_0667&#8243; hover_enabled=&#8221;0&#8243; sticky_enabled=&#8221;0&#8243;][\/et_pb_image][\/et_pb_column][\/et_pb_row][\/et_pb_section][et_pb_section fb_built=&#8221;1&#8243; admin_label=&#8221;section&#8221; _builder_version=&#8221;4.16&#8243; global_colors_info=&#8221;{}&#8221; custom_padding=&#8221;36px|||||&#8221;][et_pb_row admin_label=&#8221;row&#8221; _builder_version=&#8221;4.16&#8243; background_size=&#8221;initial&#8221; background_position=&#8221;top_left&#8221; background_repeat=&#8221;repeat&#8221; global_colors_info=&#8221;{}&#8221; custom_margin=&#8221;-22px|auto||auto||&#8221; custom_padding=&#8221;0px|||||&#8221;][et_pb_column type=&#8221;4_4&#8243; _builder_version=&#8221;4.16&#8243; custom_padding=&#8221;|||&#8221; global_colors_info=&#8221;{}&#8221; custom_padding__hover=&#8221;|||&#8221;][et_pb_text admin_label=&#8221;Text&#8221; _builder_version=&#8221;4.22.2&#8243; background_size=&#8221;initial&#8221; background_position=&#8221;top_left&#8221; background_repeat=&#8221;repeat&#8221; hover_enabled=&#8221;0&#8243; global_colors_info=&#8221;{}&#8221; sticky_enabled=&#8221;0&#8243;]<\/p>\n<h3 style=\"text-align: center;\"><strong>\u00a0<\/strong>En computersettings, Inc. realizamos instalaci\u00f3n de c\u00e1maras de seguridad en el Bronx &#8211; Brooklyn &#8211; Queens &#8211; Manhattan para los hogares y de negocios.<\/h3>\n<p style=\"text-align: center;\">\n<p style=\"text-align: center;\">Instalamos c\u00e1maras de audio y grabaci\u00f3n de v\u00eddeo, para los lugares en donde necesites un sistema de seguridad profesional.<\/p>\n<p style=\"text-align: center;\">Si el vandalismo es una preocupacion \u00a0ofrecemos las instalaciones a prueba de vandalismo para nuestros clientes,\u00a0 equipos resistentes a la intemperie en cajas de metal para las conexiones de c\u00e1maras ocultas , y un conducto para el cableado y haciendo nuestra instalaci\u00f3n\u00a0 imposible de destruir.<\/p>\n<p style=\"text-align: center;\">Ademas nuestros sistemas son para el monitoreo remoto a trav\u00e9s de Internet desde un ordenador o tel\u00e9fono inteligente.<\/p>\n<p style=\"text-align: center;\">Tambien ofrecemos c\u00e1maras ocultas \u00a0para grabar audio y v\u00eddeo, instalamos sistemas personalizados encubiertos.<\/p>\n<p style=\"text-align: center;\">Dejenos saber sus nesecidades y nosotros nos encargaremos del resto!<\/p>\n<p>[\/et_pb_text][\/et_pb_column][\/et_pb_row][\/et_pb_section]<\/p>\n","protected":false},"excerpt":{"rendered":"<p>Servicio de Instalaci\u00f3n de c\u00e1maras de seguridad del Bronx\u00a0 ComputerSettings, Inc. 2246 Grand Concourse Bronx, NY 10457 &nbsp; &nbsp; &nbsp; 718.584.2600 Instale c\u00e1maras en su negocio u hogar a bajo costo!\u00a0En computersettings, Inc. realizamos instalaci\u00f3n de c\u00e1maras de seguridad en el Bronx &#8211; Brooklyn &#8211; Queens &#8211; Manhattan para los hogares y de negocios. Instalamos [&hellip;]<\/p>\n","protected":false},"author":1,"featured_media":0,"parent":0,"menu_order":0,"comment_status":"closed","ping_status":"closed","template":"","meta":{"_et_pb_use_builder":"on","_et_pb_old_content":"<p style=\"text-align: center;\"><strong>\u00a0<\/strong><\/p>\n<p style=\"text-align: center;\"><strong>Servicio de\u00a0Instalaci\u00f3n de c\u00e1maras de seguridad del Bronx\u00a0<\/strong><\/p>\n<p style=\"text-align: center;\">ComputerSettings, Inc. 2246 Grand Concourse Bronx, NY 10457<\/p>\n<p style=\"text-align: center;\">718.584.2600<\/p>\n<p style=\"text-align: center;\"><strong><em>Instale c\u00e1maras en su negocio u hogar a bajo costo!<\/em><\/strong><\/p>\nEn computersettings, Inc. realizamos instalaci\u00f3n de c\u00e1maras de seguridad en el Bronx - Brooklyn - Queens - Manhattan para los hogares y de negocios.\n<p style=\"text-align: justify;\">Instalamos c\u00e1maras de audio y grabaci\u00f3n de v\u00eddeo, para los lugares en donde necesites un sistema de seguridad profesional.<\/p>\n<p style=\"text-align: justify;\">Si el vandalismo es una preocupacion \u00a0ofrecemos las instalaciones a prueba de vandalismo para nuestros clientes,\u00a0 equipos resistentes a la intemperie en cajas de metal para las conexiones de c\u00e1maras ocultas , y un conducto para el cableado y haciendo nuestra instalaci\u00f3n\u00a0 imposible de destruir.<\/p>\n<p style=\"text-align: justify;\">Ademas nuestros sistemas son para el monitoreo remoto a trav\u00e9s de Internet desde un ordenador o tel\u00e9fono inteligente.<\/p>\n<p style=\"text-align: justify;\">Tambien ofrecemos c\u00e1maras ocultas \u00a0para grabar audio y v\u00eddeo, instalamos sistemas personalizados encubiertos.<\/p>\n<p style=\"text-align: justify;\">Dejenos saber sus nesecidades y nosotros nos encargaremos del resto!<\/p>","_et_gb_content_width":"","_monsterinsights_skip_tracking":false,"_monsterinsights_sitenote_active":false,"_monsterinsights_sitenote_note":"","_monsterinsights_sitenote_category":0,"footnotes":""},"class_list":["post-24","page","type-page","status-publish","hentry"],"yoast_head":"<!-- This site is optimized with the Yoast SEO plugin v27.4 - https:\/\/yoast.com\/product\/yoast-seo-wordpress\/ -->\n<title>Instalacion de Camaras de Seguridad - Camaras de Seguridad | Reparacion de Electronicos y Servicios Technologicos<\/title>\n<meta name=\"robots\" content=\"index, follow, max-snippet:-1, max-image-preview:large, max-video-preview:-1\" \/>\n<link rel=\"canonical\" href=\"https:\/\/compusettings.com\/espanol\/instalacion-de-camaras-de-seguridad\/\" \/>\n<meta name=\"twitter:label1\" content=\"Est. reading time\" \/>\n\t<meta name=\"twitter:data1\" content=\"1 minute\" \/>\n<script type=\"application\/ld+json\" class=\"yoast-schema-graph\">{\"@context\":\"https:\\\/\\\/schema.org\",\"@graph\":[{\"@type\":\"WebPage\",\"@id\":\"https:\\\/\\\/compusettings.com\\\/espanol\\\/instalacion-de-camaras-de-seguridad\\\/\",\"url\":\"https:\\\/\\\/compusettings.com\\\/espanol\\\/instalacion-de-camaras-de-seguridad\\\/\",\"name\":\"Instalacion de Camaras de Seguridad - Camaras de Seguridad | Reparacion de Electronicos y Servicios Technologicos\",\"isPartOf\":{\"@id\":\"https:\\\/\\\/compusettings.com\\\/espanol\\\/#website\"},\"datePublished\":\"2011-08-29T18:37:31+00:00\",\"dateModified\":\"2023-10-10T11:43:03+00:00\",\"breadcrumb\":{\"@id\":\"https:\\\/\\\/compusettings.com\\\/espanol\\\/instalacion-de-camaras-de-seguridad\\\/#breadcrumb\"},\"inLanguage\":\"en-US\",\"potentialAction\":[{\"@type\":\"ReadAction\",\"target\":[\"https:\\\/\\\/compusettings.com\\\/espanol\\\/instalacion-de-camaras-de-seguridad\\\/\"]}]},{\"@type\":\"BreadcrumbList\",\"@id\":\"https:\\\/\\\/compusettings.com\\\/espanol\\\/instalacion-de-camaras-de-seguridad\\\/#breadcrumb\",\"itemListElement\":[{\"@type\":\"ListItem\",\"position\":1,\"name\":\"Home\",\"item\":\"https:\\\/\\\/compusettings.com\\\/espanol\\\/\"},{\"@type\":\"ListItem\",\"position\":2,\"name\":\"Instalacion de Camaras de Seguridad\"}]},{\"@type\":\"WebSite\",\"@id\":\"https:\\\/\\\/compusettings.com\\\/espanol\\\/#website\",\"url\":\"https:\\\/\\\/compusettings.com\\\/espanol\\\/\",\"name\":\"Computer Settings, Inc Reparaciones e Instalaciones\",\"description\":\"C\u00e1maras de Seguridad | Pantallas de iPhone iPads y computadoras | Reparaciones de Videojuegos HDMI | Servicios T\u00e9cnicos | Reparaciones e Instalaciones Hechas Profesionalmente.\",\"publisher\":{\"@id\":\"https:\\\/\\\/compusettings.com\\\/espanol\\\/#organization\"},\"potentialAction\":[{\"@type\":\"SearchAction\",\"target\":{\"@type\":\"EntryPoint\",\"urlTemplate\":\"https:\\\/\\\/compusettings.com\\\/espanol\\\/?s={search_term_string}\"},\"query-input\":{\"@type\":\"PropertyValueSpecification\",\"valueRequired\":true,\"valueName\":\"search_term_string\"}}],\"inLanguage\":\"en-US\"},{\"@type\":\"Organization\",\"@id\":\"https:\\\/\\\/compusettings.com\\\/espanol\\\/#organization\",\"name\":\"Computer Settings, Inc.\",\"url\":\"https:\\\/\\\/compusettings.com\\\/espanol\\\/\",\"logo\":{\"@type\":\"ImageObject\",\"inLanguage\":\"en-US\",\"@id\":\"https:\\\/\\\/compusettings.com\\\/espanol\\\/#\\\/schema\\\/logo\\\/image\\\/\",\"url\":\"https:\\\/\\\/compusettings.com\\\/espanol\\\/wp-content\\\/uploads\\\/2019\\\/12\\\/Webiste-Logo-Espanol.jpg\",\"contentUrl\":\"https:\\\/\\\/compusettings.com\\\/espanol\\\/wp-content\\\/uploads\\\/2019\\\/12\\\/Webiste-Logo-Espanol.jpg\",\"width\":300,\"height\":90,\"caption\":\"Computer Settings, Inc.\"},\"image\":{\"@id\":\"https:\\\/\\\/compusettings.com\\\/espanol\\\/#\\\/schema\\\/logo\\\/image\\\/\"},\"sameAs\":[\"https:\\\/\\\/www.facebook.com\\\/ComputerSettingsInc\",\"https:\\\/\\\/x.com\\\/computerStngs\",\"http:\\\/\\\/computersettingsinc.\",\"https:\\\/\\\/www.youtube.com\\\/channel\\\/UC_qEuCV2IDYCKy62lupM7MQ\"]}]}<\/script>\n<!-- \/ Yoast SEO plugin. -->","yoast_head_json":{"title":"Instalacion de Camaras de Seguridad - Camaras de Seguridad | Reparacion de Electronicos y Servicios Technologicos","robots":{"index":"index","follow":"follow","max-snippet":"max-snippet:-1","max-image-preview":"max-image-preview:large","max-video-preview":"max-video-preview:-1"},"canonical":"https:\/\/compusettings.com\/espanol\/instalacion-de-camaras-de-seguridad\/","twitter_misc":{"Est. reading time":"1 minute"},"schema":{"@context":"https:\/\/schema.org","@graph":[{"@type":"WebPage","@id":"https:\/\/compusettings.com\/espanol\/instalacion-de-camaras-de-seguridad\/","url":"https:\/\/compusettings.com\/espanol\/instalacion-de-camaras-de-seguridad\/","name":"Instalacion de Camaras de Seguridad - Camaras de Seguridad | Reparacion de Electronicos y Servicios Technologicos","isPartOf":{"@id":"https:\/\/compusettings.com\/espanol\/#website"},"datePublished":"2011-08-29T18:37:31+00:00","dateModified":"2023-10-10T11:43:03+00:00","breadcrumb":{"@id":"https:\/\/compusettings.com\/espanol\/instalacion-de-camaras-de-seguridad\/#breadcrumb"},"inLanguage":"en-US","potentialAction":[{"@type":"ReadAction","target":["https:\/\/compusettings.com\/espanol\/instalacion-de-camaras-de-seguridad\/"]}]},{"@type":"BreadcrumbList","@id":"https:\/\/compusettings.com\/espanol\/instalacion-de-camaras-de-seguridad\/#breadcrumb","itemListElement":[{"@type":"ListItem","position":1,"name":"Home","item":"https:\/\/compusettings.com\/espanol\/"},{"@type":"ListItem","position":2,"name":"Instalacion de Camaras de Seguridad"}]},{"@type":"WebSite","@id":"https:\/\/compusettings.com\/espanol\/#website","url":"https:\/\/compusettings.com\/espanol\/","name":"Computer Settings, Inc Reparaciones e Instalaciones","description":"C\u00e1maras de Seguridad | Pantallas de iPhone iPads y computadoras | Reparaciones de Videojuegos HDMI | Servicios T\u00e9cnicos | Reparaciones e Instalaciones Hechas Profesionalmente.","publisher":{"@id":"https:\/\/compusettings.com\/espanol\/#organization"},"potentialAction":[{"@type":"SearchAction","target":{"@type":"EntryPoint","urlTemplate":"https:\/\/compusettings.com\/espanol\/?s={search_term_string}"},"query-input":{"@type":"PropertyValueSpecification","valueRequired":true,"valueName":"search_term_string"}}],"inLanguage":"en-US"},{"@type":"Organization","@id":"https:\/\/compusettings.com\/espanol\/#organization","name":"Computer Settings, Inc.","url":"https:\/\/compusettings.com\/espanol\/","logo":{"@type":"ImageObject","inLanguage":"en-US","@id":"https:\/\/compusettings.com\/espanol\/#\/schema\/logo\/image\/","url":"https:\/\/compusettings.com\/espanol\/wp-content\/uploads\/2019\/12\/Webiste-Logo-Espanol.jpg","contentUrl":"https:\/\/compusettings.com\/espanol\/wp-content\/uploads\/2019\/12\/Webiste-Logo-Espanol.jpg","width":300,"height":90,"caption":"Computer Settings, Inc."},"image":{"@id":"https:\/\/compusettings.com\/espanol\/#\/schema\/logo\/image\/"},"sameAs":["https:\/\/www.facebook.com\/ComputerSettingsInc","https:\/\/x.com\/computerStngs","http:\/\/computersettingsinc.","https:\/\/www.youtube.com\/channel\/UC_qEuCV2IDYCKy62lupM7MQ"]}]}},"_links":{"self":[{"href":"https:\/\/compusettings.com\/espanol\/wp-json\/wp\/v2\/pages\/24","targetHints":{"allow":["GET"]}}],"collection":[{"href":"https:\/\/compusettings.com\/espanol\/wp-json\/wp\/v2\/pages"}],"about":[{"href":"https:\/\/compusettings.com\/espanol\/wp-json\/wp\/v2\/types\/page"}],"author":[{"embeddable":true,"href":"https:\/\/compusettings.com\/espanol\/wp-json\/wp\/v2\/users\/1"}],"replies":[{"embeddable":true,"href":"https:\/\/compusettings.com\/espanol\/wp-json\/wp\/v2\/comments?post=24"}],"version-history":[{"count":20,"href":"https:\/\/compusettings.com\/espanol\/wp-json\/wp\/v2\/pages\/24\/revisions"}],"predecessor-version":[{"id":2111,"href":"https:\/\/compusettings.com\/espanol\/wp-json\/wp\/v2\/pages\/24\/revisions\/2111"}],"wp:attachment":[{"href":"https:\/\/compusettings.com\/espanol\/wp-json\/wp\/v2\/media?parent=24"}],"curies":[{"name":"wp","href":"https:\/\/api.w.org\/{rel}","templated":true}]}}